{"id":128,"date":"2016-07-28T23:41:59","date_gmt":"2016-07-28T22:41:59","guid":{"rendered":"http:\/\/fcpauxrayonsx.fr\/?page_id=128"},"modified":"2016-10-05T13:48:12","modified_gmt":"2016-10-05T12:48:12","slug":"liens-utiles","status":"publish","type":"page","link":"http:\/\/fcpauxrayonsx.fr\/?page_id=128","title":{"rendered":"FCPX sur le web&#8230; :"},"content":{"rendered":"<p>Quelques liens utiles, parfois de tr\u00e8s bonnes surprises&#8230;.<\/p>\n<ul>\n<li><a href=\"http:\/\/www.fcp.co\">Fcp.co<\/a> (en anglais). Une mine, golden mine.<\/li>\n<\/ul>\n<p><a href=\"http:\/\/www.fcp.co\" target=\"_blank\"><img loading=\"lazy\" class=\"alignleft wp-image-644\" src=\"http:\/\/fcpauxrayonsx.fr\/wp-content\/uploads\/2016\/07\/fcp_co-300x101.jpg\" width=\"232\" height=\"78\" srcset=\"http:\/\/fcpauxrayonsx.fr\/wp-content\/uploads\/2016\/07\/fcp_co-300x101.jpg 300w, http:\/\/fcpauxrayonsx.fr\/wp-content\/uploads\/2016\/07\/fcp_co.jpg 529w\" sizes=\"(max-width: 232px) 100vw, 232px\" \/><\/a><\/p>\n<p>&nbsp;<\/p>\n<p>&nbsp;<\/p>\n<p>&nbsp;<\/p>\n<ul>\n<li><a href=\"http:\/\/yakyakyak.fr\">Yakyakyak<\/a> , la r\u00e9f\u00e9rence historique sur FCPX<\/li>\n<\/ul>\n<p><a href=\"http:\/\/yakyakyak.fr\" target=\"_blank\"><img loading=\"lazy\" class=\"alignleft wp-image-643 size-medium\" src=\"http:\/\/fcpauxrayonsx.fr\/wp-content\/uploads\/2016\/09\/Yakyakyak-300x45.png\" width=\"300\" height=\"45\" srcset=\"http:\/\/fcpauxrayonsx.fr\/wp-content\/uploads\/2016\/09\/Yakyakyak-300x45.png 300w, http:\/\/fcpauxrayonsx.fr\/wp-content\/uploads\/2016\/09\/Yakyakyak.png 400w\" sizes=\"(max-width: 300px) 100vw, 300px\" \/><\/a><\/p>\n<p>&nbsp;<\/p>\n<p>&nbsp;<\/p>\n<ul>\n<li><a href=\"http:\/\/martingosset.com\/\" target=\"_blank\">Dans les baskets de FCPX<\/a>\u00a0 , de Martin Gosset. Redoutable performance p\u00e9dagogique sur FCPX. Vaut largement son prix.<\/li>\n<\/ul>\n<p><a href=\"http:\/\/martingosset.com\/\" target=\"_blank\"><img loading=\"lazy\" class=\"alignnone wp-image-650 size-medium\" src=\"http:\/\/fcpauxrayonsx.fr\/wp-content\/uploads\/2016\/07\/Martin-Gosset-300x44.png\" alt=\"martin-gosset\" width=\"300\" height=\"44\" srcset=\"http:\/\/fcpauxrayonsx.fr\/wp-content\/uploads\/2016\/07\/Martin-Gosset-300x44.png 300w, http:\/\/fcpauxrayonsx.fr\/wp-content\/uploads\/2016\/07\/Martin-Gosset.png 397w\" sizes=\"(max-width: 300px) 100vw, 300px\" \/><\/a><\/p>\n<ul>\n<li>La chaine Youtube des duettistes de <a href=\"https:\/\/www.youtube.com\/watch?v=qMUBDOo_OTQ&amp;list=PL607BE2B2BFE9BE1A\" target=\"_blank\">Ripple Training-MacBreak Studio<\/a>\u00a0. En anglais.<\/li>\n<\/ul>\n<p><a href=\"https:\/\/www.youtube.com\/watch?v=qMUBDOo_OTQ&amp;list=PL607BE2B2BFE9BE1A\"><img loading=\"lazy\" class=\"alignnone wp-image-652\" src=\"http:\/\/fcpauxrayonsx.fr\/wp-content\/uploads\/2016\/07\/Mac-Break-Studio-300x149.png\" alt=\"mac-break-studio\" width=\"215\" height=\"107\" srcset=\"http:\/\/fcpauxrayonsx.fr\/wp-content\/uploads\/2016\/07\/Mac-Break-Studio-300x149.png 300w, http:\/\/fcpauxrayonsx.fr\/wp-content\/uploads\/2016\/07\/Mac-Break-Studio-768x381.png 768w, http:\/\/fcpauxrayonsx.fr\/wp-content\/uploads\/2016\/07\/Mac-Break-Studio.png 980w\" sizes=\"(max-width: 215px) 100vw, 215px\" \/><\/a><\/p>\n<ul>\n<li><a href=\"http:\/\/www.videoeffectsprod.com\/\" target=\"_blank\">videoeffectsprod.com<\/a><\/li>\n<li><a href=\"https:\/\/larryjordan.com\/?sfid=31916&amp;s=fcpx\" target=\"_blank\">Larry Jordan<\/a>, le gourou US du montage. En anglais.<\/li>\n<li><a href=\"http:\/\/alex4d.com\/\" target=\"_blank\">Alex4D<\/a> , le d\u00e9veloppeur fou des plugins FCPX.<\/li>\n<\/ul>\n<p><a href=\"http:\/\/alex4d.com\/\"><img loading=\"lazy\" class=\"alignnone wp-image-654\" src=\"http:\/\/fcpauxrayonsx.fr\/wp-content\/uploads\/2016\/07\/Alex4D-300x300.png\" alt=\"alex4d\" width=\"103\" height=\"103\" srcset=\"http:\/\/fcpauxrayonsx.fr\/wp-content\/uploads\/2016\/07\/Alex4D-300x300.png 300w, http:\/\/fcpauxrayonsx.fr\/wp-content\/uploads\/2016\/07\/Alex4D-150x150.png 150w, http:\/\/fcpauxrayonsx.fr\/wp-content\/uploads\/2016\/07\/Alex4D.png 384w\" sizes=\"(max-width: 103px) 100vw, 103px\" \/><\/a><\/p>\n<ul>\n<li><a href=\"http:\/\/www.apple.com\/fr\/final-cut-pro\/\" target=\"_blank\">Apple<\/a> . Oups ! J&rsquo;allais presque les oublier&#8230;<\/li>\n<li><a href=\"https:\/\/remydeveze.com\/category\/final-cut-pro-x\/\" target=\"_blank\">Remy Deveze<\/a> .\u00a0 Un probl\u00e8me ? Ou m\u00eame s&rsquo;il y en a pas&#8230; \u2192 Direct vers sa <a href=\"https:\/\/www.youtube.com\/user\/remydeveze\">chaine Youtube<\/a>.<\/li>\n<li><\/li>\n<\/ul>\n","protected":false},"excerpt":{"rendered":"<p>Quelques liens utiles, parfois de tr\u00e8s bonnes surprises&#8230;. Fcp.co (en anglais). Une mine, golden mine. &nbsp; &nbsp; &nbsp; Yakyakyak , la r\u00e9f\u00e9rence historique sur FCPX &nbsp; &nbsp; Dans les baskets de FCPX\u00a0 , de Martin Gosset. Redoutable performance p\u00e9dagogique sur FCPX. Vaut largement son prix. La chaine Youtube des duettistes de Ripple Training-MacBreak Studio\u00a0. En [&hellip;]<\/p>\n","protected":false},"author":1,"featured_media":0,"parent":0,"menu_order":0,"comment_status":"closed","ping_status":"closed","template":"","meta":[],"_links":{"self":[{"href":"http:\/\/fcpauxrayonsx.fr\/index.php?rest_route=\/wp\/v2\/pages\/128"}],"collection":[{"href":"http:\/\/fcpauxrayonsx.fr\/index.php?rest_route=\/wp\/v2\/pages"}],"about":[{"href":"http:\/\/fcpauxrayonsx.fr\/index.php?rest_route=\/wp\/v2\/types\/page"}],"author":[{"embeddable":true,"href":"http:\/\/fcpauxrayonsx.fr\/index.php?rest_route=\/wp\/v2\/users\/1"}],"replies":[{"embeddable":true,"href":"http:\/\/fcpauxrayonsx.fr\/index.php?rest_route=%2Fwp%2Fv2%2Fcomments&post=128"}],"version-history":[{"count":25,"href":"http:\/\/fcpauxrayonsx.fr\/index.php?rest_route=\/wp\/v2\/pages\/128\/revisions"}],"predecessor-version":[{"id":665,"href":"http:\/\/fcpauxrayonsx.fr\/index.php?rest_route=\/wp\/v2\/pages\/128\/revisions\/665"}],"wp:attachment":[{"href":"http:\/\/fcpauxrayonsx.fr\/index.php?rest_route=%2Fwp%2Fv2%2Fmedia&parent=128"}],"curies":[{"name":"wp","href":"https:\/\/api.w.org\/{rel}","templated":true}]}}